{"id":111,"date":"2024-01-31T20:23:02","date_gmt":"2024-01-31T19:23:02","guid":{"rendered":"https:\/\/inspirationchamanisme.fr\/?page_id=111"},"modified":"2024-05-13T12:08:08","modified_gmt":"2024-05-13T10:08:08","slug":"le-chamanisme","status":"publish","type":"page","link":"https:\/\/inspirationchamanisme.fr\/?page_id=111","title":{"rendered":"Le Chamanisme"},"content":{"rendered":"<p>[et_pb_section fb_built=&#8221;1&#8243; fullwidth=&#8221;on&#8221; _builder_version=&#8221;4.23.1&#8243; _module_preset=&#8221;default&#8221; global_colors_info=&#8221;{}&#8221;][et_pb_fullwidth_menu fullwidth_menu=&#8221;on&#8221; active_link_color=&#8221;#e0ad3e&#8221; dropdown_menu_line_color=&#8221;#000000&#8243; logo=&#8221;http:\/\/inspirationchamanisme.fr\/wp-content\/uploads\/2024\/01\/IMG_0398-150&#215;150.png&#8221; logo_url=&#8221;@ET-DC@eyJkeW5hbWljIjp0cnVlLCJjb250ZW50IjoicG9zdF9saW5rX3VybF9wYWdlIiwic2V0dGluZ3MiOnsicG9zdF9pZCI6IjQwIn19@&#8221; logo_width=&#8221;7%&#8221; cart_icon_color=&#8221;#000000&#8243; search_icon_color=&#8221;#000000&#8243; menu_icon_color=&#8221;#000000&#8243; logo_width_tablet=&#8221;100%&#8221; logo_width_phone=&#8221;40%&#8221; logo_width_last_edited=&#8221;on|phone&#8221; _builder_version=&#8221;4.23.1&#8243; _dynamic_attributes=&#8221;logo_url&#8221; _module_preset=&#8221;default&#8221; menu_font=&#8221;BerlinSans||||||||&#8221; menu_text_color=&#8221;#000000&#8243; text_orientation=&#8221;right&#8221; custom_margin=&#8221;0.2%|1%||1%|false|false&#8221; border_radii_image=&#8221;on|199px|199px|199px|199px&#8221; border_width_all_image=&#8221;1px&#8221; border_color_all_image=&#8221;#000000&#8243; global_colors_info=&#8221;{}&#8221;][\/et_pb_fullwidth_menu][\/et_pb_section][et_pb_section fb_built=&#8221;1&#8243; _builder_version=&#8221;4.23.1&#8243; _module_preset=&#8221;default&#8221; background_image=&#8221;http:\/\/inspirationchamanisme.fr\/wp-content\/uploads\/2024\/02\/IMG_0487.png&#8221; background_size=&#8221;custom&#8221; background_image_width=&#8221;50%&#8221; background_position=&#8221;bottom_right&#8221; custom_padding=&#8221;||120px|||&#8221; hover_enabled=&#8221;0&#8243; background_last_edited=&#8221;on|phone&#8221; background_image_width_tablet=&#8221;65%&#8221; background_image_width_phone=&#8221;100%&#8221; box_shadow_style=&#8221;preset5&#8243; box_shadow_vertical=&#8221;45px&#8221; box_shadow_blur=&#8221;38px&#8221; box_shadow_spread=&#8221;-27px&#8221; box_shadow_color=&#8221;rgba(0,0,0,0.14)&#8221; global_colors_info=&#8221;{}&#8221; sticky_enabled=&#8221;0&#8243;][et_pb_row _builder_version=&#8221;4.23.1&#8243; _module_preset=&#8221;default&#8221; width_tablet=&#8221;&#8221; width_phone=&#8221;&#8221; width_last_edited=&#8221;on|phone&#8221; max_width=&#8221;60%&#8221; max_width_tablet=&#8221;60%&#8221; max_width_phone=&#8221;90%&#8221; max_width_last_edited=&#8221;on|tablet&#8221; global_colors_info=&#8221;{}&#8221;][et_pb_column type=&#8221;4_4&#8243; _builder_version=&#8221;4.23.1&#8243; _module_preset=&#8221;default&#8221; global_colors_info=&#8221;{}&#8221;][et_pb_text _builder_version=&#8221;4.23.1&#8243; _module_preset=&#8221;default&#8221; text_font=&#8221;BerlinSans||||||||&#8221; text_text_color=&#8221;#000000&#8243; text_font_size=&#8221;55px&#8221; text_font_size_tablet=&#8221;55px&#8221; text_font_size_phone=&#8221;35px&#8221; text_font_size_last_edited=&#8221;on|tablet&#8221; text_orientation_tablet=&#8221;left&#8221; text_orientation_phone=&#8221;left&#8221; text_orientation_last_edited=&#8221;on|phone&#8221; global_colors_info=&#8221;{}&#8221;]<\/p>\n<p>LE<\/p>\n<p>CHAMANISME<\/p>\n<p>&nbsp;<\/p>\n<div id=\"gtx-trans\" style=\"position: absolute; left: -25px; top: 30px;\">\n<div class=\"gtx-trans-icon\"><\/div>\n<\/div>\n<p>[\/et_pb_text][\/et_pb_column][\/et_pb_row][\/et_pb_section][et_pb_section fb_built=&#8221;1&#8243; _builder_version=&#8221;4.23.1&#8243; _module_preset=&#8221;default&#8221; width=&#8221;100%&#8221; max_width=&#8221;100%&#8221; global_colors_info=&#8221;{}&#8221;][et_pb_row _builder_version=&#8221;4.23.1&#8243; _module_preset=&#8221;default&#8221; global_colors_info=&#8221;{}&#8221;][et_pb_column type=&#8221;4_4&#8243; _builder_version=&#8221;4.23.1&#8243; _module_preset=&#8221;default&#8221; global_colors_info=&#8221;{}&#8221;][et_pb_text _builder_version=&#8221;4.23.1&#8243; _module_preset=&#8221;default&#8221; text_font=&#8221;Batusa||||||||&#8221; text_text_color=&#8221;#000000&#8243; text_font_size=&#8221;40px&#8221; global_colors_info=&#8221;{}&#8221;]<\/p>\n<p style=\"text-align: center;\"><em>Qu&#8217;en sais-tu ?<\/em><\/p>\n<p>[\/et_pb_text][\/et_pb_column][\/et_pb_row][et_pb_row _builder_version=&#8221;4.23.1&#8243; _module_preset=&#8221;default&#8221; global_colors_info=&#8221;{}&#8221;][et_pb_column type=&#8221;4_4&#8243; _builder_version=&#8221;4.23.1&#8243; _module_preset=&#8221;default&#8221; global_colors_info=&#8221;{}&#8221;][et_pb_divider color=&#8221;#000000&#8243; _builder_version=&#8221;4.23.1&#8243; _module_preset=&#8221;default&#8221; global_colors_info=&#8221;{}&#8221;][\/et_pb_divider][\/et_pb_column][\/et_pb_row][et_pb_row _builder_version=&#8221;4.23.1&#8243; _module_preset=&#8221;default&#8221; global_colors_info=&#8221;{}&#8221;][et_pb_column type=&#8221;4_4&#8243; _builder_version=&#8221;4.23.1&#8243; _module_preset=&#8221;default&#8221; global_colors_info=&#8221;{}&#8221;][et_pb_text quote_border_color=&#8221;#E09900&#8243; _builder_version=&#8221;4.23.1&#8243; _module_preset=&#8221;default&#8221; text_font=&#8221;Batusa||||||||&#8221; text_text_color=&#8221;#000000&#8243; text_font_size=&#8221;20px&#8221; header_font=&#8221;BerlinSans||||||||&#8221; hover_enabled=&#8221;0&#8243; global_colors_info=&#8221;{}&#8221; sticky_enabled=&#8221;0&#8243;]<\/p>\n<blockquote>\n<h1><\/h1>\n<h1>Chamanisme traditionnel<\/h1>\n<\/blockquote>\n<p>&nbsp;<\/p>\n<p>Spiritualit\u00e9, croyances, religion ou tout simplement fa\u00e7on de vivre en harmonie avec la nature, ses \u00e9l\u00e9ments et le vivant; le chamanisme est un ensemble de pratiques et de concepts permettant aux \u00eatre humains la compr\u00e9hension spirituelle de leur environnement, et l\u2019interaction avec celui -ci.<\/p>\n<p>Le visible et l\u2019invisible, le monde des hommes et celui des esprits ne sont pas \u00e9tanches l\u2019un \u00e0 l\u2019autre. Le terme Chamane (ou encore chaman, shaman) provient du mot Saman. Il d\u00e9signe en langue Tonguouse (Sib\u00e9rie) et pour certains peuples d\u2019Asie un praticien spirituel qui voyage avec son \u00e2me dans l\u2019univers des esprits au nom de sa communaut\u00e9. Gu\u00e9risseur, homme ou femme m\u00e9decine, sorcier, sage, il porte des noms diff\u00e9rents selon les pays dans lesquels il se trouve.<\/p>\n<p>Toute soci\u00e9t\u00e9 traditionnelle fonctionne avec des repr\u00e9sentants spirituels. Ils ont depuis les premi\u00e8res soci\u00e9t\u00e9s humaines accompagn\u00e9s les hommes et les femmes dans leur compr\u00e9hension du monde qui les entoure et de l\u2019univers. Ils les soutiennent dans les moments importants de leur vie de la naissance \u00e0 la mort, ainsi que dans les rites de passages. Ils veillent \u00e0 l\u2019\u00e9quilibre spirituel de la communaut\u00e9, sont l\u2019interm\u00e9diaire privil\u00e9gi\u00e9 entre cette r\u00e9alite et l\u2019 invisible. Ces guides spirituels ne s\u2019autoproclament pas. Leur exp\u00e9rience de vie ou une sp\u00e9cificit\u00e9 inn\u00e9e peut les d\u00e9signer comme chamane. Ils peuvent \u00e9galement \u00eatre reconnus par les anciens, les esprits, par la lign\u00e9e , leur communaut\u00e9 et font une formation exigeante longue et d\u00e9vou\u00e9e aupr\u00e8s de ceux qui officient avant de devenir eux-m\u00eames officiants.<\/p>\n<p>&nbsp;<\/p>\n<blockquote>\n<h1>Les r\u00f4les du chamane dans les soci\u00e9t\u00e9s traditionnelles<\/h1>\n<\/blockquote>\n<p>&nbsp;<\/p>\n<p>Le chamane veille \u00e0 la coh\u00e9sion de la communaut\u00e9, au respect du d\u00e9roulement des rites, des traditions et des c\u00e9r\u00e9monies, il accompagne l\u2019\u00e2me des d\u00e9funts d\u2019un monde jusqu\u2019\u00e0 l\u2019autre. Il interc\u00e8de aupr\u00e8s de l\u2019invisible afin de conserver l\u2019harmonie et l\u2019\u00e9quilibre pour tous, il est le garant de la sant\u00e9 et la prosp\u00e9rit\u00e9, de l\u2019int\u00e9grit\u00e9 des \u00e2mes. On fait appel \u00e0 lui dans ce cadre collectif constamment. On fait \u00e9galement appel \u00e0 lui \u00e0 titre individuel pour retrouver la force, pour se r\u00e9tablir.<\/p>\n<p>Lorsque l\u2019\u00e9quilibre que les individus entretiennent avec les forces de la nature est rompu, ils s\u2019en trouvent diminu\u00e9s, affaiblis, malades. Leurs \u00e2mes ne sont alors plus &#8220;enti\u00e8res&#8221; et n\u2019ont plus la ressource de faire face aux \u00e9v\u00e9nements. Le chamane \u0153uvre pour r\u00e9tablir cet \u00e9quilibre en convoquant les forces invisibles et celles de la nature, en communiquant avec elles. Cette communication (aussi nomm\u00e9e transe ou vision) lui donne l\u2019acc\u00e8s \u00e0 une source de savoirs et de connaissances invisible autrement. Une fois les causes identifi\u00e9es gr\u00e2ce \u00e0 cette communication, il peut \u00eatre amen\u00e9 \u00e0 \u00f4ter ce qui parasite son consultant, \u00e0 lui rapporter ce qui lui manque et dont l\u2019absence le diminue. L\u2019objectif est de restaurer l\u2019int\u00e9grit\u00e9 de l\u2019\u00e2me du demandeur, de r\u00e9tablir l\u2019harmonie et le remettre en coh\u00e9rence avec le cycle de la nature, en \u00e9quilibre entre son milieu et sa personne.<\/p>\n<p>&nbsp;<\/p>\n<blockquote>\n<h1>Le chamanisme du monde moderne<\/h1>\n<\/blockquote>\n<p>&nbsp;<\/p>\n<p>La d\u00e9couverte de la spiritualit\u00e9 des peuples autochtones et du r\u00f4le multidimensionnel du chamane ont impuls\u00e9 dans les soci\u00e9t\u00e9s actuelles un int\u00e9r\u00eat grandissant.<\/p>\n<p>Pratiqu\u00e9 surtout en occident, il s\u2019inspire de la vision animiste du monde o\u00f9 l\u2019\u00eatre humain fait parti int\u00e9grante de la nature. Il s\u2019impr\u00e8gne de cette spiritualit\u00e9 mill\u00e9naire tout en consid\u00e9rant que le contact avec l\u2019invisible peut \u00eatre possible par tous.<\/p>\n<p>Le chamanisme &#8220;r\u00e9actualis\u00e9&#8221; part du principe qu\u2019il n\u2019est pas n\u00e9cessaire d\u2019\u00eatre chamane ou d\u2019avoir \u00e9t\u00e9 \u00e9lu pour apprendre \u00e0 interagir avec l\u2019invisible. L\u2019utilisation du tambour est un moyen privil\u00e9gi\u00e9 pour y parvenir. Le &#8220;chant du tambour&#8221; permet un acc\u00e8s \u00e0 un \u00e9tat de conscience modifi\u00e9. Les pratiquants en retirent un b\u00e9n\u00e9fice de s\u00e9r\u00e9nit\u00e9, de d\u00e9tente, d\u2019introspection, de pl\u00e9nitude, de compr\u00e9hension profonde, parfois existentielle.<\/p>\n<p>&nbsp;<\/p>\n<blockquote>\n<h1>L\u2019\u00e9tat modifi\u00e9 de conscience<\/h1>\n<\/blockquote>\n<p>&nbsp;<\/p>\n<p>C\u2019est un \u00e9tat mental qui se situe quelque part entre l\u2019\u00e9veil et le sommeil.<\/p>\n<p>L\u2019\u00e9tat modifi\u00e9 de conscience n\u2019est pas celui dans lequel on est habituellement quand on est pleinement r\u00e9veill\u00e9. Nous exp\u00e9rimentons tous des moments r\u00e9guliers ou des situations dans lesquelles l\u2019\u00e9tat de conscience se modifie. C\u2019est le cas pour le sommeil et la somnolence. L\u2019hypnose comme la m\u00e9ditation sont des \u00e9tats modifi\u00e9s de conscience. La fatigue importante, la douleur forte sont aussi des \u00e9tats modifi\u00e9s de conscience, comme la consommation d\u2019alcool lorsqu\u2019elle alt\u00e8re la perception classique de nos sens et notre lecture habituelle de ce qui nous entoure, ou la consommation de produits psych\u00e9d\u00e9liques ou d\u00e9riv\u00e9s.<\/p>\n<p>L\u2019apprentissage du voyage chamanique donne l\u2019opportunit\u00e9 d\u2019apprendre \u00e0 acc\u00e9der \u00e0 un \u00e9tat de conscience modifi\u00e9. Cet \u00e9tat permet d\u2019entrer en contact avec les r\u00e9alit\u00e9s chamaniques, avec le monde invisible. Les perceptions et informations re\u00e7ues et ressenties ne seraient pas accessibles sans l\u2019\u00e9tat modifi\u00e9 de conscience, il est la cl\u00e9 qui en ouvre l\u2019acc\u00e8s.<\/p>\n<p>[\/et_pb_text][\/et_pb_column][\/et_pb_row][\/et_pb_section]<\/p>\n","protected":false},"excerpt":{"rendered":"<p>LE CHAMANISME &nbsp; Qu&#8217;en sais-tu ? Chamanisme traditionnel &nbsp; Spiritualit\u00e9, croyances, religion ou tout simplement fa\u00e7on de vivre en harmonie avec la nature, ses \u00e9l\u00e9ments et le vivant; le chamanisme est un ensemble de pratiques et de concepts permettant aux \u00eatre humains la compr\u00e9hension spirituelle de leur environnement, et l\u2019interaction avec celui -ci. Le visible [&hellip;]<\/p>\n","protected":false},"author":1,"featured_media":0,"parent":0,"menu_order":0,"comment_status":"closed","ping_status":"closed","template":"page-template-blank.php","meta":{"_et_pb_use_builder":"on","_et_pb_old_content":"","_et_gb_content_width":"","_monsterinsights_skip_tracking":false,"_monsterinsights_sitenote_active":false,"_monsterinsights_sitenote_note":"","_monsterinsights_sitenote_category":0,"footnotes":""},"aioseo_notices":[],"_links":{"self":[{"href":"https:\/\/inspirationchamanisme.fr\/index.php?rest_route=\/wp\/v2\/pages\/111"}],"collection":[{"href":"https:\/\/inspirationchamanisme.fr\/index.php?rest_route=\/wp\/v2\/pages"}],"about":[{"href":"https:\/\/inspirationchamanisme.fr\/index.php?rest_route=\/wp\/v2\/types\/page"}],"author":[{"embeddable":true,"href":"https:\/\/inspirationchamanisme.fr\/index.php?rest_route=\/wp\/v2\/users\/1"}],"replies":[{"embeddable":true,"href":"https:\/\/inspirationchamanisme.fr\/index.php?rest_route=%2Fwp%2Fv2%2Fcomments&post=111"}],"version-history":[{"count":23,"href":"https:\/\/inspirationchamanisme.fr\/index.php?rest_route=\/wp\/v2\/pages\/111\/revisions"}],"predecessor-version":[{"id":404,"href":"https:\/\/inspirationchamanisme.fr\/index.php?rest_route=\/wp\/v2\/pages\/111\/revisions\/404"}],"wp:attachment":[{"href":"https:\/\/inspirationchamanisme.fr\/index.php?rest_route=%2Fwp%2Fv2%2Fmedia&parent=111"}],"curies":[{"name":"wp","href":"https:\/\/api.w.org\/{rel}","templated":true}]}}