{"id":124,"date":"2024-01-31T21:01:42","date_gmt":"2024-01-31T20:01:42","guid":{"rendered":"https:\/\/inspirationchamanisme.fr\/?page_id=124"},"modified":"2024-12-09T10:17:44","modified_gmt":"2024-12-09T09:17:44","slug":"propositions","status":"publish","type":"page","link":"https:\/\/inspirationchamanisme.fr\/?page_id=124","title":{"rendered":"Propositions"},"content":{"rendered":"<p>[et_pb_section fb_built=&#8221;1&#8243; fullwidth=&#8221;on&#8221; _builder_version=&#8221;4.23.1&#8243; _module_preset=&#8221;default&#8221; global_colors_info=&#8221;{}&#8221;][et_pb_fullwidth_menu fullwidth_menu=&#8221;on&#8221; active_link_color=&#8221;#e0ad3e&#8221; dropdown_menu_line_color=&#8221;#000000&#8243; logo=&#8221;http:\/\/inspirationchamanisme.fr\/wp-content\/uploads\/2024\/01\/IMG_0398-150&#215;150.png&#8221; logo_url=&#8221;@ET-DC@eyJkeW5hbWljIjp0cnVlLCJjb250ZW50IjoicG9zdF9saW5rX3VybF9wYWdlIiwic2V0dGluZ3MiOnsicG9zdF9pZCI6IjQwIn19@&#8221; logo_width=&#8221;7%&#8221; cart_icon_color=&#8221;#000000&#8243; search_icon_color=&#8221;#000000&#8243; menu_icon_color=&#8221;#000000&#8243; logo_width_tablet=&#8221;100%&#8221; logo_width_phone=&#8221;40%&#8221; logo_width_last_edited=&#8221;on|phone&#8221; _builder_version=&#8221;4.23.1&#8243; _dynamic_attributes=&#8221;logo_url&#8221; _module_preset=&#8221;default&#8221; menu_font=&#8221;BerlinSans||||||||&#8221; menu_text_color=&#8221;#000000&#8243; text_orientation=&#8221;right&#8221; custom_margin=&#8221;0.2%|1%||1%|false|false&#8221; border_radii_image=&#8221;on|199px|199px|199px|199px&#8221; border_width_all_image=&#8221;1px&#8221; border_color_all_image=&#8221;#000000&#8243; global_colors_info=&#8221;{}&#8221;][\/et_pb_fullwidth_menu][\/et_pb_section][et_pb_section fb_built=&#8221;1&#8243; _builder_version=&#8221;4.23.1&#8243; _module_preset=&#8221;default&#8221; background_image=&#8221;http:\/\/inspirationchamanisme.fr\/wp-content\/uploads\/2024\/02\/IMG_0490.png&#8221; background_size=&#8221;custom&#8221; background_image_width=&#8221;40%&#8221; background_position=&#8221;bottom_right&#8221; custom_padding=&#8221;||120px|||&#8221; background_last_edited=&#8221;on|phone&#8221; background_image_width_tablet=&#8221;70%&#8221; background_image_width_phone=&#8221;100%&#8221; box_shadow_style=&#8221;preset5&#8243; box_shadow_vertical=&#8221;45px&#8221; box_shadow_blur=&#8221;38px&#8221; box_shadow_spread=&#8221;-27px&#8221; box_shadow_color=&#8221;rgba(0,0,0,0.14)&#8221; global_colors_info=&#8221;{}&#8221;][et_pb_row _builder_version=&#8221;4.23.1&#8243; _module_preset=&#8221;default&#8221; width_tablet=&#8221;&#8221; width_phone=&#8221;&#8221; width_last_edited=&#8221;on|phone&#8221; max_width=&#8221;60%&#8221; max_width_tablet=&#8221;60%&#8221; max_width_phone=&#8221;90%&#8221; max_width_last_edited=&#8221;on|tablet&#8221; global_colors_info=&#8221;{}&#8221;][et_pb_column type=&#8221;4_4&#8243; _builder_version=&#8221;4.23.1&#8243; _module_preset=&#8221;default&#8221; global_colors_info=&#8221;{}&#8221;][et_pb_text _builder_version=&#8221;4.23.1&#8243; _module_preset=&#8221;default&#8221; text_font=&#8221;BerlinSans||||||||&#8221; text_text_color=&#8221;#000000&#8243; text_font_size=&#8221;55px&#8221; text_font_size_tablet=&#8221;55px&#8221; text_font_size_phone=&#8221;35px&#8221; text_font_size_last_edited=&#8221;on|tablet&#8221; text_orientation_tablet=&#8221;left&#8221; text_orientation_phone=&#8221;left&#8221; text_orientation_last_edited=&#8221;on|phone&#8221; global_colors_info=&#8221;{}&#8221;]<\/p>\n<p>PROPOSITIONs<\/p>\n<p>&nbsp;<\/p>\n<div id=\"gtx-trans\" style=\"position: absolute; left: -25px; top: 30px;\">\n<div class=\"gtx-trans-icon\"><\/div>\n<\/div>\n<p>[\/et_pb_text][\/et_pb_column][\/et_pb_row][\/et_pb_section][et_pb_section fb_built=&#8221;1&#8243; _builder_version=&#8221;4.23.1&#8243; _module_preset=&#8221;default&#8221; width=&#8221;100%&#8221; max_width=&#8221;100%&#8221; global_colors_info=&#8221;{}&#8221;][et_pb_row _builder_version=&#8221;4.23.1&#8243; _module_preset=&#8221;default&#8221; global_colors_info=&#8221;{}&#8221;][et_pb_column type=&#8221;4_4&#8243; _builder_version=&#8221;4.23.1&#8243; _module_preset=&#8221;default&#8221; global_colors_info=&#8221;{}&#8221;][et_pb_text _builder_version=&#8221;4.23.1&#8243; _module_preset=&#8221;default&#8221; text_font=&#8221;Batusa||||||||&#8221; text_text_color=&#8221;#000000&#8243; text_font_size=&#8221;40px&#8221; global_colors_info=&#8221;{}&#8221;]<\/p>\n<p style=\"text-align: center;\"><em>Que partager ensemble ?<\/em><\/p>\n<p>[\/et_pb_text][\/et_pb_column][\/et_pb_row][et_pb_row _builder_version=&#8221;4.23.1&#8243; _module_preset=&#8221;default&#8221; global_colors_info=&#8221;{}&#8221;][et_pb_column type=&#8221;4_4&#8243; _builder_version=&#8221;4.23.1&#8243; _module_preset=&#8221;default&#8221; global_colors_info=&#8221;{}&#8221;][et_pb_divider color=&#8221;#000000&#8243; _builder_version=&#8221;4.23.1&#8243; _module_preset=&#8221;default&#8221; global_colors_info=&#8221;{}&#8221;][\/et_pb_divider][\/et_pb_column][\/et_pb_row][et_pb_row _builder_version=&#8221;4.23.1&#8243; _module_preset=&#8221;default&#8221; global_colors_info=&#8221;{}&#8221;][et_pb_column type=&#8221;4_4&#8243; _builder_version=&#8221;4.23.1&#8243; _module_preset=&#8221;default&#8221; global_colors_info=&#8221;{}&#8221;][et_pb_text quote_border_color=&#8221;#E09900&#8243; _builder_version=&#8221;4.23.1&#8243; _module_preset=&#8221;default&#8221; text_font=&#8221;Batusa||||||||&#8221; text_text_color=&#8221;#000000&#8243; text_font_size=&#8221;20px&#8221; header_font=&#8221;BerlinSans||on||||||&#8221; header_2_font=&#8221;BerlinSans||||||||&#8221; header_3_font=&#8221;BerlinSans||||||||&#8221; header_3_text_align=&#8221;left&#8221; header_3_font_size=&#8221;20px&#8221; hover_enabled=&#8221;0&#8243; global_colors_info=&#8221;{}&#8221; sticky_enabled=&#8221;0&#8243;]<\/p>\n<p><span>Proposant des soins et des accompagnements individuels ou de groupes depuis 2013, nous pouvons partager diverses pratiques chamaniques :<\/span><\/p>\n<p>Tarifs, demande de renseignements, demande de rendez-vous, inscription \u00e0 un s\u00e9minaire via le <a href=\"https:\/\/inspirationchamanisme.fr\/?page_id=221\">formulaire de contact<\/a>.<\/p>\n<blockquote>\n<h1>ACCOMPAGNEMENT \/S\u00c9ANCE<\/h1>\n<\/blockquote>\n<p>&nbsp;<\/p>\n<p>Il est possible de nous rencontrer en rendez vous individuel :<\/p>\n<p>&#8211; S\u00e9ance individuelle au tambour : recherche de restauration de l\u2019harmonie et de l\u2019unit\u00e9.<br \/>en pr\u00e9senciel ou en visio,<br \/>Dur\u00e9e : 1h\/1h15.<\/p>\n<p>&#8211; Accompagnement de pratique : renforcer la pratique du voyage chamanique, r\u00e9-appropriation de savoirs faire, approfondir une recherche personnelle, etc\u2026<br \/>En pr\u00e9senciel ou en visio,<br \/>Dur\u00e9e : 1h\/1h15<\/p>\n<p>&nbsp;<\/p>\n<blockquote>\n<h1>CERCLES DE TAMBOURS<\/h1>\n<\/blockquote>\n<p>&nbsp;<\/p>\n<p>Se retrouver pour pratiquer dans la nature au son des tambours.<br \/>(Actualit\u00e9s : <a href=\"https:\/\/inspirationchamanisme.fr\/?page_id=221#Actus\">ICI<\/a>)<\/p>\n<p>&nbsp;<\/p>\n<blockquote>\n<h1>S\u00c9MINAIRES<\/h1>\n<\/blockquote>\n<p>&nbsp;<\/p>\n<p>Les propositions sont bas\u00e9es sur la transmission et le partage de techniques utilisants des \u00e9tats de conscience modifi\u00e9e exempts de consommation de substances psychotropes.<br \/>Seuls le tambour ou des protocoles de visualisations sont utilis\u00e9s.<\/p>\n<p>&nbsp;<\/p>\n<h2 style=\"padding-left: 40px;\"><em>Initiation aux voyages chamaniques :<\/em><\/h2>\n<p>&nbsp;<\/p>\n<p>Sur <a href=\"https:\/\/inspirationchamanisme.fr\/?page_id=221\">r\u00e9servation<\/a>, nombre de participants limit\u00e9s.<br \/>Sur un week-end ( nuit\u00e9e \u00e0 r\u00e9server ind\u00e9pendamment )<br \/>du samedi d\u00e9but d\u2019apr\u00e8s midi au dimanche 17h.<\/p>\n<p>Familiarisation avec les concepts et notions de chamanisme et de n\u00e9o chamanisme,<br \/>Apprentissage de l\u2019\u00e9tat modifi\u00e9 de conscience, ( tambour )<br \/>Rencontre avec l\u2019animal de pouvoir,<br \/>Construction de protocole de pratiques,<br \/>Pratiques individuelles et collectives,<br \/>\u00c9change, \u00e9thiques et partages.<\/p>\n<p>&nbsp;<\/p>\n<h3><em>R\u00e9serv\u00e9 aux personnes ayant suivi l\u2019initiation:<\/em><\/h3>\n<p>&nbsp;<\/p>\n<h2 style=\"padding-left: 40px;\"><em>Offrandes rituels et c\u00e9r\u00e9monies :<\/em><\/h2>\n<p>&nbsp;<\/p>\n<p>Sur <a href=\"https:\/\/inspirationchamanisme.fr\/?page_id=221\">r\u00e9servation<\/a>, nombre de participants limit\u00e9s.<br \/>Sur un week-end ( nuit\u00e9e \u00e0 r\u00e9server ind\u00e9pendamment )<br \/>du samedi d\u00e9but d\u2019apr\u00e8s-midi au dimanche 17h.<\/p>\n<p>Les peuples premiers ont usage d\u2019int\u00e9grer des offrandes aux esprits de la nature, aux forces invisibles dans leur quotidien.<br \/>Nourriture, confection, \u00e9l\u00e9ments de la nature, objet intentionnellement fabriqu\u00e9s; ce qui est partag\u00e9 est d\u2019une grande vari\u00e9t\u00e9, parfois tr\u00e8s codifi\u00e9.<br \/>Les raisons et occasions de faire ces offrandes sont multiples, les lieux de dons aussi.<br \/>Elles accompagnent des demandes qui vont des remerciements aux pr\u00e9parations d\u2019\u00e9v\u00e9nements majeurs pour la communaut\u00e9 comme pour l\u2019individu.<br \/>Nous prendrons le temps de cette formations pour faire \u00e9merger ce concept de demande et de partage, de confectionner des offrandes, vivrons ensemble une occasion de c\u00e9l\u00e9bration de rite traditionnel issu de pratiques ancestrales.<\/p>\n<p>&nbsp;<\/p>\n<h2 style=\"padding-left: 40px;\"><em>Pratiques du monde :<\/em><\/h2>\n<p>&nbsp;<\/p>\n<p>Sur <a href=\"https:\/\/inspirationchamanisme.fr\/?page_id=221\">r\u00e9servation<\/a>, nombre de participants limit\u00e9s.<br \/>Sur un week-end (nuit\u00e9e au r\u00e9server ind\u00e9pendamment)<br \/>du samedi d\u00e9but d\u2019apr\u00e8s midi au dimanche 17h.<\/p>\n<p>Se renforcer dans ses pratiques et ses techniques.<br \/>D\u00e9couvrir d\u2019autres \u00e9tats modifi\u00e9s de conscience (comme le r\u00eave, le chant, la danse, ou des protocoles codifi\u00e9s de visions).<br \/>Exp\u00e9rimenter et partager des modalit\u00e9s de reliances chamaniques issus de peuples autochtones divers.<br \/>Nourrir et augmenter ses moyens de contact en les diversifiants.<br \/>S\u2019enrichir de la multiplicit\u00e9 des points d\u2019entr\u00e9es avec les r\u00e9alit\u00e9s chamaniques propos\u00e9s dans les traditions.<\/p>\n<p>&nbsp;<\/p>\n<h2 style=\"padding-left: 40px;\"><em>Le Deuil : Laisser partir, s&#8217;accompagner :<\/em><\/h2>\n<p>&nbsp;<\/p>\n<p>Le descriptif des deux journ\u00e9es de stage sera bient\u00f4t disponible.<br \/>Il est toutefois conseill\u00e9 de le <a href=\"https:\/\/inspirationchamanisme.fr\/?page_id=221\">r\u00e9server<\/a> d\u00e8s maintenant.<\/p>\n<p>[\/et_pb_text][\/et_pb_column][\/et_pb_row][\/et_pb_section]<\/p>\n","protected":false},"excerpt":{"rendered":"<p>PROPOSITIONs &nbsp; Que partager ensemble ?Proposant des soins et des accompagnements individuels ou de groupes depuis 2013, nous pouvons partager diverses pratiques chamaniques : Tarifs, demande de renseignements, demande de rendez-vous, inscription \u00e0 un s\u00e9minaire via le formulaire de contact. ACCOMPAGNEMENT \/S\u00c9ANCE &nbsp; Il est possible de nous rencontrer en rendez vous individuel : &#8211; [&hellip;]<\/p>\n","protected":false},"author":1,"featured_media":0,"parent":0,"menu_order":0,"comment_status":"closed","ping_status":"closed","template":"page-template-blank.php","meta":{"_et_pb_use_builder":"on","_et_pb_old_content":"","_et_gb_content_width":"","_monsterinsights_skip_tracking":false,"_monsterinsights_sitenote_active":false,"_monsterinsights_sitenote_note":"","_monsterinsights_sitenote_category":0,"footnotes":""},"aioseo_notices":[],"_links":{"self":[{"href":"https:\/\/inspirationchamanisme.fr\/index.php?rest_route=\/wp\/v2\/pages\/124"}],"collection":[{"href":"https:\/\/inspirationchamanisme.fr\/index.php?rest_route=\/wp\/v2\/pages"}],"about":[{"href":"https:\/\/inspirationchamanisme.fr\/index.php?rest_route=\/wp\/v2\/types\/page"}],"author":[{"embeddable":true,"href":"https:\/\/inspirationchamanisme.fr\/index.php?rest_route=\/wp\/v2\/users\/1"}],"replies":[{"embeddable":true,"href":"https:\/\/inspirationchamanisme.fr\/index.php?rest_route=%2Fwp%2Fv2%2Fcomments&post=124"}],"version-history":[{"count":16,"href":"https:\/\/inspirationchamanisme.fr\/index.php?rest_route=\/wp\/v2\/pages\/124\/revisions"}],"predecessor-version":[{"id":418,"href":"https:\/\/inspirationchamanisme.fr\/index.php?rest_route=\/wp\/v2\/pages\/124\/revisions\/418"}],"wp:attachment":[{"href":"https:\/\/inspirationchamanisme.fr\/index.php?rest_route=%2Fwp%2Fv2%2Fmedia&parent=124"}],"curies":[{"name":"wp","href":"https:\/\/api.w.org\/{rel}","templated":true}]}}