{"id":130,"date":"2024-01-31T21:14:19","date_gmt":"2024-01-31T20:14:19","guid":{"rendered":"https:\/\/inspirationchamanisme.fr\/?page_id=130"},"modified":"2024-05-13T11:45:59","modified_gmt":"2024-05-13T09:45:59","slug":"inspiration-chamanisme","status":"publish","type":"page","link":"https:\/\/inspirationchamanisme.fr\/?page_id=130","title":{"rendered":"Inspiration Chamanisme"},"content":{"rendered":"<p>[et_pb_section fb_built=&#8221;1&#8243; fullwidth=&#8221;on&#8221; _builder_version=&#8221;4.23.1&#8243; _module_preset=&#8221;default&#8221; global_colors_info=&#8221;{}&#8221;][et_pb_fullwidth_menu fullwidth_menu=&#8221;on&#8221; active_link_color=&#8221;#e0ad3e&#8221; dropdown_menu_line_color=&#8221;#000000&#8243; logo=&#8221;http:\/\/inspirationchamanisme.fr\/wp-content\/uploads\/2024\/01\/IMG_0398-150&#215;150.png&#8221; logo_url=&#8221;@ET-DC@eyJkeW5hbWljIjp0cnVlLCJjb250ZW50IjoicG9zdF9saW5rX3VybF9wYWdlIiwic2V0dGluZ3MiOnsicG9zdF9pZCI6IjQwIn19@&#8221; logo_width=&#8221;7%&#8221; cart_icon_color=&#8221;#000000&#8243; search_icon_color=&#8221;#000000&#8243; menu_icon_color=&#8221;#000000&#8243; logo_width_tablet=&#8221;100%&#8221; logo_width_phone=&#8221;40%&#8221; logo_width_last_edited=&#8221;on|phone&#8221; _builder_version=&#8221;4.23.1&#8243; _dynamic_attributes=&#8221;logo_url&#8221; _module_preset=&#8221;default&#8221; menu_font=&#8221;BerlinSans||||||||&#8221; menu_text_color=&#8221;#000000&#8243; text_orientation=&#8221;right&#8221; custom_margin=&#8221;0.2%|1%||1%|false|false&#8221; border_radii_image=&#8221;on|199px|199px|199px|199px&#8221; border_width_all_image=&#8221;1px&#8221; border_color_all_image=&#8221;#000000&#8243; global_colors_info=&#8221;{}&#8221;][\/et_pb_fullwidth_menu][\/et_pb_section][et_pb_section fb_built=&#8221;1&#8243; _builder_version=&#8221;4.23.1&#8243; _module_preset=&#8221;default&#8221; background_image=&#8221;http:\/\/inspirationchamanisme.fr\/wp-content\/uploads\/2024\/02\/IMG_0489.png&#8221; background_size=&#8221;custom&#8221; background_image_width=&#8221;65%&#8221; background_position=&#8221;bottom_right&#8221; custom_padding=&#8221;||120px|||&#8221; hover_enabled=&#8221;0&#8243; background_last_edited=&#8221;on|phone&#8221; background_image_width_tablet=&#8221;85%&#8221; background_image_width_phone=&#8221;100%&#8221; box_shadow_style=&#8221;preset5&#8243; box_shadow_vertical=&#8221;45px&#8221; box_shadow_blur=&#8221;38px&#8221; box_shadow_spread=&#8221;-27px&#8221; box_shadow_color=&#8221;rgba(0,0,0,0.14)&#8221; global_colors_info=&#8221;{}&#8221; sticky_enabled=&#8221;0&#8243;][et_pb_row _builder_version=&#8221;4.23.1&#8243; _module_preset=&#8221;default&#8221; width_tablet=&#8221;&#8221; width_phone=&#8221;&#8221; width_last_edited=&#8221;on|phone&#8221; max_width=&#8221;60%&#8221; max_width_tablet=&#8221;60%&#8221; max_width_phone=&#8221;90%&#8221; max_width_last_edited=&#8221;on|tablet&#8221; global_colors_info=&#8221;{}&#8221;][et_pb_column type=&#8221;4_4&#8243; _builder_version=&#8221;4.23.1&#8243; _module_preset=&#8221;default&#8221; global_colors_info=&#8221;{}&#8221;][et_pb_text _builder_version=&#8221;4.23.1&#8243; _module_preset=&#8221;default&#8221; text_font=&#8221;BerlinSans||||||||&#8221; text_text_color=&#8221;#000000&#8243; text_font_size=&#8221;55px&#8221; text_font_size_tablet=&#8221;55px&#8221; text_font_size_phone=&#8221;35px&#8221; text_font_size_last_edited=&#8221;on|tablet&#8221; text_orientation_tablet=&#8221;left&#8221; text_orientation_phone=&#8221;left&#8221; text_orientation_last_edited=&#8221;on|phone&#8221; global_colors_info=&#8221;{}&#8221;]<\/p>\n<p>INSPIRATION<\/p>\n<p>CHAMANISME<\/p>\n<p>&nbsp;<\/p>\n<div id=\"gtx-trans\" style=\"position: absolute; left: -25px; top: 30px;\">\n<div class=\"gtx-trans-icon\"><\/div>\n<\/div>\n<p>[\/et_pb_text][\/et_pb_column][\/et_pb_row][\/et_pb_section][et_pb_section fb_built=&#8221;1&#8243; _builder_version=&#8221;4.23.1&#8243; _module_preset=&#8221;default&#8221; background_enable_image=&#8221;off&#8221; background_size=&#8221;custom&#8221; background_image_height=&#8221;62%&#8221; background_position=&#8221;bottom_left&#8221; width=&#8221;100%&#8221; max_width=&#8221;100%&#8221; custom_padding=&#8221;||1px|||&#8221; hover_enabled=&#8221;0&#8243; background_last_edited=&#8221;on|desktop&#8221; background_enable_image_tablet=&#8221;off&#8221; global_colors_info=&#8221;{}&#8221; title_text=&#8221;IMG_0486&#8243; sticky_enabled=&#8221;0&#8243;][et_pb_row _builder_version=&#8221;4.23.1&#8243; _module_preset=&#8221;default&#8221; global_colors_info=&#8221;{}&#8221;][et_pb_column type=&#8221;4_4&#8243; _builder_version=&#8221;4.23.1&#8243; _module_preset=&#8221;default&#8221; global_colors_info=&#8221;{}&#8221;][et_pb_text _builder_version=&#8221;4.23.1&#8243; _module_preset=&#8221;default&#8221; text_font=&#8221;Batusa||||||||&#8221; text_text_color=&#8221;#000000&#8243; text_font_size=&#8221;40px&#8221; global_colors_info=&#8221;{}&#8221;]<\/p>\n<p style=\"text-align: center;\"><em>L&#8217;Origine<\/em><\/p>\n<p>[\/et_pb_text][\/et_pb_column][\/et_pb_row][et_pb_row _builder_version=&#8221;4.23.1&#8243; _module_preset=&#8221;default&#8221; global_colors_info=&#8221;{}&#8221;][et_pb_column type=&#8221;4_4&#8243; _builder_version=&#8221;4.23.1&#8243; _module_preset=&#8221;default&#8221; global_colors_info=&#8221;{}&#8221;][et_pb_divider color=&#8221;#000000&#8243; _builder_version=&#8221;4.23.1&#8243; _module_preset=&#8221;default&#8221; global_colors_info=&#8221;{}&#8221;][\/et_pb_divider][\/et_pb_column][\/et_pb_row][et_pb_row _builder_version=&#8221;4.23.1&#8243; _module_preset=&#8221;default&#8221; global_colors_info=&#8221;{}&#8221;][et_pb_column type=&#8221;4_4&#8243; _builder_version=&#8221;4.23.1&#8243; _module_preset=&#8221;default&#8221; global_colors_info=&#8221;{}&#8221;][et_pb_text quote_border_color=&#8221;#E09900&#8243; _builder_version=&#8221;4.23.1&#8243; _module_preset=&#8221;default&#8221; text_font=&#8221;Batusa||||||||&#8221; text_text_color=&#8221;#000000&#8243; text_font_size=&#8221;20px&#8221; header_font=&#8221;BerlinSans||on||||||&#8221; header_2_font=&#8221;BerlinSans||||||||&#8221; header_3_font=&#8221;BerlinSans||||||||&#8221; header_3_text_align=&#8221;left&#8221; header_3_font_size=&#8221;20px&#8221; hover_enabled=&#8221;0&#8243; global_colors_info=&#8221;{}&#8221; sticky_enabled=&#8221;0&#8243; background_enable_color=&#8221;off&#8221;]<\/p>\n<p><span>Issue d&#8217;une formation juridique (ma\u00eetrise de droit priv\u00e9), j&#8217;exerce depuis 25 ans aupr\u00e8s des jeunes enfants de maternelle. Ma famille, mon travail et les passions qui m&#8217;animent rythment ma vie de d\u00e9couvertes en exp\u00e9riences. <\/span><span>Sensible et r\u00e9ceptive \u00e0 la nature, au vivant, j&#8217;ai v\u00e9cu au fil du temps des contacts forts et enseignants avec l&#8217;invisible.<\/span><\/p>\n<p>&#8220;Inspiration chamanisme&#8221; est la mat\u00e9rialisation de l\u2019\u00e9lan trouv\u00e9 dans ma rencontre avec la pratique chamanique.<\/p>\n<p>En retenant le mot &#8220;chamanisme&#8221; rest\u00e9 accroch\u00e9 \u00e0 ma m\u00e9moire apr\u00e8s un r\u00eave, j\u2019y ai trouv\u00e9 le fil qui a r\u00e9uni les perles de ce que je suis pour en former un collier.<br \/>J\u2019ai cherch\u00e9 \u00e0 me former afin de mieux le comprendre et d\u2019en approcher le concept, la spiritualit\u00e9, les champs d\u2019applications et les pratiques transmissibles de mani\u00e8re respectueuse et s\u00e9rieuse.<br \/>C\u2019est aupr\u00e8s de Ulla Straessle en Suisse dans le cadre de la FSS (foundation for shamanic studies) que j\u2019ai initi\u00e9 ce parcours il y a plus de 10 ans en suivant les seminaires qu\u2019elle y a propos\u00e9, ainsi que ceux personnels qu\u2019elle a dispens\u00e9 ; nourris <span>par sa grande exp\u00e9rience du chamanisme traditionnel (d&#8217;Asie, d&#8217;Am\u00e9rique du Nord et d&#8217;Am\u00e9rique du Sud).<\/span><br \/>J\u2019ai d\u00e9couvert et int\u00e9gr\u00e9 des outils de pratiques permettant, hors des sp\u00e9cificit\u00e9s propres \u00e0 chaque culture autochtone, d\u2019acqu\u00e9rir les modalit\u00e9s du voyage chamanique et d\u2019entr\u00e9e en \u00e9tat de conscience modifi\u00e9e, ainsi que des techniques diverses d\u2019accompagnement \u00e0 la restauration de l\u2019\u00e2me.<br \/>J\u2019ai \u00e9t\u00e9 touch\u00e9e et inspir\u00e9e par l\u2019exemplarit\u00e9 d\u2019Ulla Straessle, son humilit\u00e9, sa rigueur, son savoir, son savoir-\u00eatre et ses savoirs-faire. Elle a su \u00eatre le pont, solide s\u00e9rieux et bienveillant, entre les mondes chamaniques invisibles et mon d\u00e9sir de d\u00e9couvrir et d\u2019apprendre.<br \/>Je garde au c\u0153ur son humanisme, son exigence et sa modestie comme boussole mod\u00e8le.<br \/>Je m\u2019efforce de poser un regard respectueux d\u2019occidentale sur la spiritualit\u00e9 des natifs et la perp\u00e9tuation de leurs croyances, sur le partage qui nous en est fait par del\u00e0 les cultures et le temps.<br \/>J\u2019aime \u00e0 consid\u00e9rer les savoirs et traditions s\u00e9culaires comme sources d\u2019apprentissages et de sagesse qui ont, m\u00eame et surtout maintenant, beaucoup \u00e0 nous apporter.<br \/>Le placement de l\u2019humain comme composante d\u2019un tout plus grand, l\u2019\u00e9vidente interaction avec la nature pour qu\u2019il se sente entier guident et l\u00e9gitiment depuis des si\u00e8cles les peuples \u00e0 garder vivant le chamanisme.<br \/>C\u2019est une chance et un cadeau que de pouvoir adjoindre \u00e0 notre modernit\u00e9 la simplicit\u00e9 et l\u2019optique d\u2019harmonie de ce qui a travers\u00e9 le temps.<\/p>\n<p>Dans ma pratique personnelle du chamanisme, dans les s\u00e9ances individuelles et les formations dispens\u00e9es, dans les voyages et les occasions de contact avec des natifs (notamment du Mexique ou du Canada francophone), je puise constamment des ressources et un regard qui donnent \u00e0 ma vie et \u00e0 mon quotidien force et unit\u00e9.<\/p>\n<p>[\/et_pb_text][\/et_pb_column][\/et_pb_row][\/et_pb_section][et_pb_section fb_built=&#8221;1&#8243; fullwidth=&#8221;on&#8221; _builder_version=&#8221;4.23.1&#8243; _module_preset=&#8221;default&#8221; hover_enabled=&#8221;0&#8243; global_colors_info=&#8221;{}&#8221; sticky_enabled=&#8221;0&#8243;][et_pb_fullwidth_image src=&#8221;http:\/\/inspirationchamanisme.fr\/wp-content\/uploads\/2024\/02\/IMG_0486-e1715593124853.png&#8221; title_text=&#8221;IMG_0486&#8243; disabled_on=&#8221;off|off|off&#8221; _builder_version=&#8221;4.23.1&#8243; _module_preset=&#8221;default&#8221; hover_enabled=&#8221;0&#8243; global_colors_info=&#8221;{}&#8221; filter_opacity_last_edited=&#8221;on|phone&#8221; sticky_enabled=&#8221;0&#8243; filter_opacity_tablet=&#8221;100%&#8221; width=&#8221;50%&#8221; filter_opacity_phone=&#8221;100%&#8221;][\/et_pb_fullwidth_image][\/et_pb_section]<\/p>\n","protected":false},"excerpt":{"rendered":"<p>INSPIRATION CHAMANISME &nbsp; L&#8217;OrigineIssue d&#8217;une formation juridique (ma\u00eetrise de droit priv\u00e9), j&#8217;exerce depuis 25 ans aupr\u00e8s des jeunes enfants de maternelle. Ma famille, mon travail et les passions qui m&#8217;animent rythment ma vie de d\u00e9couvertes en exp\u00e9riences. Sensible et r\u00e9ceptive \u00e0 la nature, au vivant, j&#8217;ai v\u00e9cu au fil du temps des contacts forts et [&hellip;]<\/p>\n","protected":false},"author":1,"featured_media":0,"parent":0,"menu_order":0,"comment_status":"closed","ping_status":"closed","template":"page-template-blank.php","meta":{"_et_pb_use_builder":"on","_et_pb_old_content":"","_et_gb_content_width":"","_monsterinsights_skip_tracking":false,"_monsterinsights_sitenote_active":false,"_monsterinsights_sitenote_note":"","_monsterinsights_sitenote_category":0,"footnotes":""},"aioseo_notices":[],"_links":{"self":[{"href":"https:\/\/inspirationchamanisme.fr\/index.php?rest_route=\/wp\/v2\/pages\/130"}],"collection":[{"href":"https:\/\/inspirationchamanisme.fr\/index.php?rest_route=\/wp\/v2\/pages"}],"about":[{"href":"https:\/\/inspirationchamanisme.fr\/index.php?rest_route=\/wp\/v2\/types\/page"}],"author":[{"embeddable":true,"href":"https:\/\/inspirationchamanisme.fr\/index.php?rest_route=\/wp\/v2\/users\/1"}],"replies":[{"embeddable":true,"href":"https:\/\/inspirationchamanisme.fr\/index.php?rest_route=%2Fwp%2Fv2%2Fcomments&post=130"}],"version-history":[{"count":39,"href":"https:\/\/inspirationchamanisme.fr\/index.php?rest_route=\/wp\/v2\/pages\/130\/revisions"}],"predecessor-version":[{"id":386,"href":"https:\/\/inspirationchamanisme.fr\/index.php?rest_route=\/wp\/v2\/pages\/130\/revisions\/386"}],"wp:attachment":[{"href":"https:\/\/inspirationchamanisme.fr\/index.php?rest_route=%2Fwp%2Fv2%2Fmedia&parent=130"}],"curies":[{"name":"wp","href":"https:\/\/api.w.org\/{rel}","templated":true}]}}